{"id":732,"date":"2018-11-03T12:47:09","date_gmt":"2018-11-03T12:47:09","guid":{"rendered":"http:\/\/showroom2018.hoerter-keramik.de\/impressum\/"},"modified":"2026-03-20T10:56:45","modified_gmt":"2026-03-20T10:56:45","slug":"site-notice","status":"publish","type":"page","link":"https:\/\/www.hoerter-keramik.de\/en\/site-notice\/","title":{"rendered":"Site Notice"},"content":{"rendered":"<div class=\"info\">\n<h1>Site Notice<\/h1>\n<p>H\u00f6rter Tonwarenfabrik GmbH<br \/>\nS\u00e4lzer Strasse 12-14<br \/>\nIndustriegebiet im Rohr<br \/>\n56235 Ransbach-Baumbach<\/p>\n<p>Commercial Register: HRB 2631<br \/>\nRegistration court: Registergericht Montabaur<\/p>\n<p><strong>Represented by:<\/strong><br \/>\nMartin H\u00f6rter<br \/>\n<strong>Authorized signatories:<\/strong><br \/>\nFrank Kraus, Alessandro Minniti, Kai Hannuschke (Prokura)<\/p>\n<h2>Contact<\/h2>\n<p>Phone: +49 (0) 26 23 \/ 20 51 &#8211; 0<br \/>\nTelefax: +49 (0) 26 23 \/ 49 05<br \/>\nE-mail: info (at) hoerter-keramik.de<\/p>\n<h2>VAT ID<\/h2>\n<p>Sales tax identification number according to Sect. 27 a of the Sales Tax Law:<br \/>\nDE 149 304 276<\/p>\n<h2>Information regarding professional liability insurance<\/h2>\n<p><strong>Name and registered office of the insurer:<\/strong><br \/>\nAllianz<\/p>\n<p><strong>Scope of insurance:<\/strong><br \/>\nDeutschland<\/p>\n<h2>EU dispute resolution<\/h2>\n<p>The European Commission provides a platform for online dispute resolution (ODR): <a href=\"https:\/\/ec.europa.eu\/consumers\/odr\/\" target=\"_blank\" rel=\"noopener noreferrer\">https:\/\/ec.europa.eu\/consumers\/odr\/<\/a>.<br \/>\nOur e-mail address can be found above in the site notice.<\/p>\n<h2>Dispute resolution proceedings in front of a consumer arbitration board<\/h2>\n<p>We are not willing or obliged to participate in dispute resolution proceedings in front of a consumer arbitration board.<\/p>\n<h3>Liability for Links<\/h3>\n<p>Our offer includes links to external third party websites. We have no influence on the contents of those websites, therefore we cannot guarantee for those contents. Providers or administrators of linked websites are always responsible for their own contents.<\/p>\n<p>The linked websites had been checked for possible violations of law at the time of the establishment of the link. Illegal contents were not detected at the time of the linking. A permanent monitoring of the contents of linked websites cannot be imposed without reasonable indications that there has been a violation of law. Illegal links will be removed immediately at the time we get knowledge of them.<\/p>\n<h3>Copyright<\/h3>\n<p>Contents and compilations published on these websites by the providers are subject to German copyright laws. Reproduction, editing, distribution as well as the use of any kind outside the scope of the copyright law require a written permission of the author or originator. Downloads and copies of these websites are permitted for private use only.<br \/>\nThe commercial use of our contents without permission of the originator is prohibited.<\/p>\n<p>Copyright laws of third parties are respected as long as the contents on these websites do not originate from the provider. Contributions of third parties on this site are indicated as such. However, if you notice any violations of copyright law, please inform us. Such contents will be removed immediately.<\/p>\n<h3>Concept, design &amp; Photography<\/h3>\n<p>BildWert Britta Hilpert<br \/>\nIm Grauert 18<br \/>\n56235 Ransbach-Baumbach<\/p>\n<p>026 23 &#8211; 92 99 42 9<br \/>\n&#107;&#x6f;&#110;&#x74;&#97;&#x6b;t&#x40;b&#x69;l&#100;&#x77;&#101;&#x72;&#116;&#x2d;&#104;&#x69;l&#x70;e&#x72;t&#46;&#x64;&#101;<br \/>\n<a href=\"https:\/\/bildwert-hilpert.de\/\" target=\"_blank\" rel=\"noopener\">BildWert-Hilpert<\/a><\/p>\n<\/div>\n","protected":false},"excerpt":{"rendered":"<p>Site Notice H\u00f6rter Tonwarenfabrik GmbH S\u00e4lzer Strasse 12-14 Industriegebiet im Rohr 56235 Ransbach-Baumbach Commercial Register: HRB 2631 Registration court: Registergericht Montabaur Represented [&hellip;]<\/p>\n","protected":false},"author":1,"featured_media":0,"parent":0,"menu_order":0,"comment_status":"closed","ping_status":"closed","template":"page-templates\/page_front-page.php","meta":{"footnotes":""},"class_list":["post-732","page","type-page","status-publish","hentry"],"yoast_head":"<!-- This site is optimized with the Yoast SEO plugin v27.5 - https:\/\/yoast.com\/product\/yoast-seo-wordpress\/ -->\n<title>Site Notice - Keramik aus dem Westerwald: H\u00f6rter Tonwarenfabrik GmbH<\/title>\n<meta name=\"robots\" content=\"index, follow, max-snippet:-1, max-image-preview:large, max-video-preview:-1\" \/>\n<link rel=\"canonical\" href=\"https:\/\/www.hoerter-keramik.de\/en\/site-notice\/\" \/>\n<meta property=\"og:locale\" content=\"en_US\" \/>\n<meta property=\"og:type\" content=\"article\" \/>\n<meta property=\"og:title\" content=\"Site Notice - Keramik aus dem Westerwald: H\u00f6rter Tonwarenfabrik GmbH\" \/>\n<meta property=\"og:description\" content=\"Site Notice H\u00f6rter Tonwarenfabrik GmbH S\u00e4lzer Strasse 12-14 Industriegebiet im Rohr 56235 Ransbach-Baumbach Commercial Register: HRB 2631 Registration court: Registergericht Montabaur Represented [&hellip;]\" \/>\n<meta property=\"og:url\" content=\"https:\/\/www.hoerter-keramik.de\/en\/site-notice\/\" \/>\n<meta property=\"og:site_name\" content=\"Keramik aus dem Westerwald: H\u00f6rter Tonwarenfabrik GmbH\" \/>\n<meta property=\"article:modified_time\" content=\"2026-03-20T10:56:45+00:00\" \/>\n<meta name=\"twitter:card\" content=\"summary_large_image\" \/>\n<meta name=\"twitter:label1\" content=\"Est. reading time\" \/>\n\t<meta name=\"twitter:data1\" content=\"3 minutes\" \/>\n<script type=\"application\/ld+json\" class=\"yoast-schema-graph\">{\"@context\":\"https:\\\/\\\/schema.org\",\"@graph\":[{\"@type\":\"WebPage\",\"@id\":\"https:\\\/\\\/www.hoerter-keramik.de\\\/en\\\/site-notice\\\/\",\"url\":\"https:\\\/\\\/www.hoerter-keramik.de\\\/en\\\/site-notice\\\/\",\"name\":\"Site Notice - Keramik aus dem Westerwald: H\u00f6rter Tonwarenfabrik GmbH\",\"isPartOf\":{\"@id\":\"https:\\\/\\\/www.hoerter-keramik.de\\\/#website\"},\"datePublished\":\"2018-11-03T12:47:09+00:00\",\"dateModified\":\"2026-03-20T10:56:45+00:00\",\"breadcrumb\":{\"@id\":\"https:\\\/\\\/www.hoerter-keramik.de\\\/en\\\/site-notice\\\/#breadcrumb\"},\"inLanguage\":\"en-US\",\"potentialAction\":[{\"@type\":\"ReadAction\",\"target\":[\"https:\\\/\\\/www.hoerter-keramik.de\\\/en\\\/site-notice\\\/\"]}]},{\"@type\":\"BreadcrumbList\",\"@id\":\"https:\\\/\\\/www.hoerter-keramik.de\\\/en\\\/site-notice\\\/#breadcrumb\",\"itemListElement\":[{\"@type\":\"ListItem\",\"position\":1,\"name\":\"Startseite\",\"item\":\"https:\\\/\\\/www.hoerter-keramik.de\\\/en\\\/\"},{\"@type\":\"ListItem\",\"position\":2,\"name\":\"Site Notice\"}]},{\"@type\":\"WebSite\",\"@id\":\"https:\\\/\\\/www.hoerter-keramik.de\\\/#website\",\"url\":\"https:\\\/\\\/www.hoerter-keramik.de\\\/\",\"name\":\"Keramik aus dem Westerwald: H\u00f6rter Tonwarenfabrik GmbH\",\"description\":\"Keramik, Vasen, Schalen, Orchideent\u00f6pfe\",\"potentialAction\":[{\"@type\":\"SearchAction\",\"target\":{\"@type\":\"EntryPoint\",\"urlTemplate\":\"https:\\\/\\\/www.hoerter-keramik.de\\\/?s={search_term_string}\"},\"query-input\":{\"@type\":\"PropertyValueSpecification\",\"valueRequired\":true,\"valueName\":\"search_term_string\"}}],\"inLanguage\":\"en-US\"}]}<\/script>\n<!-- \/ Yoast SEO plugin. -->","yoast_head_json":{"title":"Site Notice - Keramik aus dem Westerwald: H\u00f6rter Tonwarenfabrik GmbH","robots":{"index":"index","follow":"follow","max-snippet":"max-snippet:-1","max-image-preview":"max-image-preview:large","max-video-preview":"max-video-preview:-1"},"canonical":"https:\/\/www.hoerter-keramik.de\/en\/site-notice\/","og_locale":"en_US","og_type":"article","og_title":"Site Notice - Keramik aus dem Westerwald: H\u00f6rter Tonwarenfabrik GmbH","og_description":"Site Notice H\u00f6rter Tonwarenfabrik GmbH S\u00e4lzer Strasse 12-14 Industriegebiet im Rohr 56235 Ransbach-Baumbach Commercial Register: HRB 2631 Registration court: Registergericht Montabaur Represented [&hellip;]","og_url":"https:\/\/www.hoerter-keramik.de\/en\/site-notice\/","og_site_name":"Keramik aus dem Westerwald: H\u00f6rter Tonwarenfabrik GmbH","article_modified_time":"2026-03-20T10:56:45+00:00","twitter_card":"summary_large_image","twitter_misc":{"Est. reading time":"3 minutes"},"schema":{"@context":"https:\/\/schema.org","@graph":[{"@type":"WebPage","@id":"https:\/\/www.hoerter-keramik.de\/en\/site-notice\/","url":"https:\/\/www.hoerter-keramik.de\/en\/site-notice\/","name":"Site Notice - Keramik aus dem Westerwald: H\u00f6rter Tonwarenfabrik GmbH","isPartOf":{"@id":"https:\/\/www.hoerter-keramik.de\/#website"},"datePublished":"2018-11-03T12:47:09+00:00","dateModified":"2026-03-20T10:56:45+00:00","breadcrumb":{"@id":"https:\/\/www.hoerter-keramik.de\/en\/site-notice\/#breadcrumb"},"inLanguage":"en-US","potentialAction":[{"@type":"ReadAction","target":["https:\/\/www.hoerter-keramik.de\/en\/site-notice\/"]}]},{"@type":"BreadcrumbList","@id":"https:\/\/www.hoerter-keramik.de\/en\/site-notice\/#breadcrumb","itemListElement":[{"@type":"ListItem","position":1,"name":"Startseite","item":"https:\/\/www.hoerter-keramik.de\/en\/"},{"@type":"ListItem","position":2,"name":"Site Notice"}]},{"@type":"WebSite","@id":"https:\/\/www.hoerter-keramik.de\/#website","url":"https:\/\/www.hoerter-keramik.de\/","name":"Keramik aus dem Westerwald: H\u00f6rter Tonwarenfabrik GmbH","description":"Keramik, Vasen, Schalen, Orchideent\u00f6pfe","potentialAction":[{"@type":"SearchAction","target":{"@type":"EntryPoint","urlTemplate":"https:\/\/www.hoerter-keramik.de\/?s={search_term_string}"},"query-input":{"@type":"PropertyValueSpecification","valueRequired":true,"valueName":"search_term_string"}}],"inLanguage":"en-US"}]}},"_links":{"self":[{"href":"https:\/\/www.hoerter-keramik.de\/en\/wp-json\/wp\/v2\/pages\/732","targetHints":{"allow":["GET"]}}],"collection":[{"href":"https:\/\/www.hoerter-keramik.de\/en\/wp-json\/wp\/v2\/pages"}],"about":[{"href":"https:\/\/www.hoerter-keramik.de\/en\/wp-json\/wp\/v2\/types\/page"}],"author":[{"embeddable":true,"href":"https:\/\/www.hoerter-keramik.de\/en\/wp-json\/wp\/v2\/users\/1"}],"replies":[{"embeddable":true,"href":"https:\/\/www.hoerter-keramik.de\/en\/wp-json\/wp\/v2\/comments?post=732"}],"version-history":[{"count":15,"href":"https:\/\/www.hoerter-keramik.de\/en\/wp-json\/wp\/v2\/pages\/732\/revisions"}],"predecessor-version":[{"id":5474,"href":"https:\/\/www.hoerter-keramik.de\/en\/wp-json\/wp\/v2\/pages\/732\/revisions\/5474"}],"wp:attachment":[{"href":"https:\/\/www.hoerter-keramik.de\/en\/wp-json\/wp\/v2\/media?parent=732"}],"curies":[{"name":"wp","href":"https:\/\/api.w.org\/{rel}","templated":true}]}}